{"id":6833,"date":"2025-08-06T08:35:18","date_gmt":"2025-08-06T08:35:18","guid":{"rendered":"https:\/\/belmonte.tirol\/competizione\/"},"modified":"2025-08-06T08:35:18","modified_gmt":"2025-08-06T08:35:18","slug":"competizione","status":"publish","type":"page","link":"https:\/\/belmonte.tirol\/it\/competizione\/","title":{"rendered":"Competizione"},"content":{"rendered":"<h2>Condizioni di partecipazione  <\/h2>\n<h1>Concorsi sui social media<\/h1>\n<p>Il concorso \u00e8 organizzato da Belmonte Tirol GmbH.<\/p>\n<h3>Partecipazione<\/h3>\n<p>Pu\u00f2 partecipare qualsiasi persona fisica residente in Austria che abbia compiuto 18 anni. Per i minorenni \u00e8 necessario il consenso del tutore legale per partecipare, a meno che ci\u00f2 non sia escluso. <\/p>\n<p>Belmonte Tirol GmbH si riserva il diritto di escludere dalla partecipazione le persone che violano le presenti condizioni di partecipazione o che cercano di ottenere un vantaggio sugli altri partecipanti influenzando o manipolando impropriamente il concorso. In tali casi, Belmonte Tirol GmbH potr\u00e0 anche escludere successivamente i partecipanti dal concorso, ritirare i premi e reclamarli. <\/p>\n<p>Una persona partecipa al concorso completando tutti i compiti specificati nel concorso. I compiti possono essere visualizzati nella rispettiva voce del concorso. La partecipazione deve avvenire entro il periodo specificato nel concorso.    <br \/>&#8211; Per partecipare al concorso \u00e8 fondamentale che tutti i dati personali siano veritieri.  <br \/>&#8211; Ogni partecipante pu\u00f2 prendere parte al concorso una sola volta.<br \/>&#8211; Il partecipante accetta che il suo nome venga pubblicato sulla pagina Autostadt della piattaforma in questione.<\/p>\n<h3>Inizio e fine della competizione<\/h3>\n<p>Il concorso inizia il 05\/09\/2025; il termine ultimo per le iscrizioni \u00e8 l&#8217;11\/09\/2025 alle 23:59. Le iscrizioni tardive non potranno essere prese in considerazione. <\/p>\n<p>La partecipazione al concorso \u00e8 consentita solo attraverso l&#8217;iscrizione personale del partecipante. Non \u00e8 consentita la partecipazione tramite procedure automatizzate (ad es. tramite club di concorso o fornitori di servizi di concorso). In questi casi e in caso di violazione delle condizioni di partecipazione o di manipolazione, ci riserviamo il diritto di escludere i partecipanti interessati.  <\/p>\n<p>Pi\u00f9 commenti da parte dello stesso utente di social media e\/o della stessa persona verranno conteggiati come una sola partecipazione al concorso. Per la valutazione del concorso, tutti i &#8220;nomi Facebook o Instagram&#8221; dei partecipanti vengono registrati e memorizzati allo scopo di determinare il vincitore. I dati relativi all&#8217;indirizzo saranno raccolti solo dai vincitori e saranno utilizzati solo per l&#8217;invio del premio. I partecipanti hanno diritto ai diritti di informazione e cancellazione previsti dalla legge.   <\/p>\n<h3>Descrizione del premio<\/h3>\n<p>Puoi vincere 2 biglietti per la cena con delitto nel nostro ristorante il 17 ottobre 2025.<\/p>\n<p>I vincitori saranno avvisati direttamente dopo il concorso tramite un messaggio privato su Facebook o Instagram.  <\/p>\n<p>I vincitori dovranno comunicarlo entro le 23:59 del 12 agosto 2025. In caso contrario, il premio decadr\u00e0 e il vincitore perder\u00e0 il diritto all&#8217;invio del premio. I vincitori saranno annunciati senza alcuna garanzia.  <\/p>\n<p>Belmonte Tirol GmbH \u00e8 autorizzata a trasferire i dati personali a terzi per consentire la consegna del premio. \u00c8 possibile assegnare un solo premio per partecipante, che non pu\u00f2 essere corrisposto in contanti. I diritti ai premi non sono trasferibili ad altre persone. Belmonte Tirol GmbH \u00e8 sollevata da ogni obbligo al momento della consegna del premio. Belmonte Tirol GmbH \u00e8 responsabile dei difetti legali e materiali solo in caso di dolo o colpa grave.    <\/p>\n<h3>Chiusura anticipata del concorso<\/h3>\n<p>Belmonte Tirol GmbH si riserva il diritto di annullare o terminare il concorso in qualsiasi momento senza preavviso. Belmonte Tirol GmbH si avvarr\u00e0 di questa facolt\u00e0 in particolare se, per motivi tecnici (ad esempio virus nel sistema informatico, manipolazioni o errori nell&#8217;hardware e\/o nel software) o per motivi legali, non \u00e8 possibile garantire la corretta organizzazione del concorso. Se tale interruzione \u00e8 stata causata dal comportamento di un partecipante, Belmonte Tirol GmbH potr\u00e0 richiedere a quest&#8217;ultimo il risarcimento dei danni subiti.  <\/p>\n<h3>Nessun coinvolgimento di Facebook o Instagram<\/h3>\n<p>I <strong>concorsi su Facebook<\/strong> non sono in alcun modo sponsorizzati, supportati o organizzati da Facebook e non sono in alcun modo collegati a Facebook.<\/p>\n<p>I <strong>concorsi su Instagram<\/strong> non sono in alcun modo sponsorizzati, supportati o organizzati da Instagram e non sono in alcun modo affiliati a Instagram.<\/p>\n<h3>Impronta dell&#8217;organizzatore del concorso<\/h3>\n<p>L&#8217;impronta dell&#8217;organizzatore del concorso \u00e8 accessibile tramite il seguente link: <a href=\"https:\/\/belmonte.tirol\/it\/impronta\/\">Impronta<\/a><\/p>\n<p>Le presenti condizioni di partecipazione sono state create con <a href=\"https:\/\/alphamedia.tirol\/gewinnspiele\/www.lykeup.de\">LykeUp.de.<\/a> <\/p>\n","protected":false},"excerpt":{"rendered":"<p>Condizioni di partecipazione Concorsi sui social media Il concorso \u00e8 organizzato da Belmonte Tirol GmbH. Partecipazione Pu\u00f2 partecipare qualsiasi persona fisica residente in Austria che abbia compiuto 18 anni. Per i minorenni \u00e8 necessario il consenso del tutore legale per partecipare, a meno che ci\u00f2 non sia escluso. Belmonte Tirol GmbH si riserva il diritto [&hellip;]<\/p>\n","protected":false},"author":1,"featured_media":0,"parent":0,"menu_order":0,"comment_status":"closed","ping_status":"closed","template":"elementor_header_footer","meta":{"_acf_changed":false,"footnotes":""},"class_list":["post-6833","page","type-page","status-publish","hentry","entry"],"acf":[],"yoast_head":"<!-- This site is optimized with the Yoast SEO plugin v27.2 - https:\/\/yoast.com\/product\/yoast-seo-wordpress\/ -->\n<title>Competizione - Belmonte Tirol - Boutique Hotel ****<\/title>\n<meta name=\"robots\" content=\"index, follow, max-snippet:-1, max-image-preview:large, max-video-preview:-1\" \/>\n<link rel=\"canonical\" href=\"https:\/\/belmonte.tirol\/competizione\/\" \/>\n<meta property=\"og:locale\" content=\"it_IT\" \/>\n<meta property=\"og:type\" content=\"article\" \/>\n<meta property=\"og:title\" content=\"Competizione - Belmonte Tirol - Boutique Hotel ****\" \/>\n<meta property=\"og:description\" content=\"Condizioni di partecipazione Concorsi sui social media Il concorso \u00e8 organizzato da Belmonte Tirol GmbH. Partecipazione Pu\u00f2 partecipare qualsiasi persona fisica residente in Austria che abbia compiuto 18 anni. Per i minorenni \u00e8 necessario il consenso del tutore legale per partecipare, a meno che ci\u00f2 non sia escluso. Belmonte Tirol GmbH si riserva il diritto [&hellip;]\" \/>\n<meta property=\"og:url\" content=\"https:\/\/belmonte.tirol\/competizione\/\" \/>\n<meta property=\"og:site_name\" content=\"Belmonte Tirol - Boutique Hotel ****\" \/>\n<meta property=\"article:publisher\" content=\"https:\/\/www.facebook.com\/belmonte.tirol\/\" \/>\n<meta name=\"twitter:card\" content=\"summary_large_image\" \/>\n<meta name=\"twitter:label1\" content=\"Tempo di lettura stimato\" \/>\n\t<meta name=\"twitter:data1\" content=\"3 minuti\" \/>\n<script type=\"application\/ld+json\" class=\"yoast-schema-graph\">{\"@context\":\"https:\/\/schema.org\",\"@graph\":[{\"@type\":\"WebPage\",\"@id\":\"https:\/\/belmonte.tirol\/competizione\/\",\"url\":\"https:\/\/belmonte.tirol\/competizione\/\",\"name\":\"Competizione - Belmonte Tirol - Boutique Hotel ****\",\"isPartOf\":{\"@id\":\"https:\/\/belmonte.tirol\/#website\"},\"datePublished\":\"2025-08-06T08:35:18+00:00\",\"breadcrumb\":{\"@id\":\"https:\/\/belmonte.tirol\/competizione\/#breadcrumb\"},\"inLanguage\":\"it-IT\",\"potentialAction\":[{\"@type\":\"ReadAction\",\"target\":[\"https:\/\/belmonte.tirol\/competizione\/\"]}]},{\"@type\":\"BreadcrumbList\",\"@id\":\"https:\/\/belmonte.tirol\/competizione\/#breadcrumb\",\"itemListElement\":[{\"@type\":\"ListItem\",\"position\":1,\"name\":\"Startseite\",\"item\":\"https:\/\/belmonte.tirol\/it\/benvenuti-a-sillian-tirolo-orientale\/\"},{\"@type\":\"ListItem\",\"position\":2,\"name\":\"Competizione\"}]},{\"@type\":\"WebSite\",\"@id\":\"https:\/\/belmonte.tirol\/#website\",\"url\":\"https:\/\/belmonte.tirol\/\",\"name\":\"Belmonte Tirol - Boutique Hotel ****\",\"description\":\"Hotel in Sillian \/ Osttirol\",\"publisher\":{\"@id\":\"https:\/\/belmonte.tirol\/#organization\"},\"potentialAction\":[{\"@type\":\"SearchAction\",\"target\":{\"@type\":\"EntryPoint\",\"urlTemplate\":\"https:\/\/belmonte.tirol\/?s={search_term_string}\"},\"query-input\":{\"@type\":\"PropertyValueSpecification\",\"valueRequired\":true,\"valueName\":\"search_term_string\"}}],\"inLanguage\":\"it-IT\"},{\"@type\":\"Organization\",\"@id\":\"https:\/\/belmonte.tirol\/#organization\",\"name\":\"Belmonte Tirol - Boutique Hotel ****\",\"url\":\"https:\/\/belmonte.tirol\/\",\"logo\":{\"@type\":\"ImageObject\",\"inLanguage\":\"it-IT\",\"@id\":\"https:\/\/belmonte.tirol\/#\/schema\/logo\/image\/\",\"url\":\"https:\/\/belmonte.tirol\/wp-content\/uploads\/2025\/01\/Logo.png\",\"contentUrl\":\"https:\/\/belmonte.tirol\/wp-content\/uploads\/2025\/01\/Logo.png\",\"width\":1791,\"height\":936,\"caption\":\"Belmonte Tirol - Boutique Hotel ****\"},\"image\":{\"@id\":\"https:\/\/belmonte.tirol\/#\/schema\/logo\/image\/\"},\"sameAs\":[\"https:\/\/www.facebook.com\/belmonte.tirol\/\",\"https:\/\/www.instagram.com\/belmonte.tirol\/\"]}]}<\/script>\n<!-- \/ Yoast SEO plugin. -->","yoast_head_json":{"title":"Competizione - Belmonte Tirol - Boutique Hotel ****","robots":{"index":"index","follow":"follow","max-snippet":"max-snippet:-1","max-image-preview":"max-image-preview:large","max-video-preview":"max-video-preview:-1"},"canonical":"https:\/\/belmonte.tirol\/competizione\/","og_locale":"it_IT","og_type":"article","og_title":"Competizione - Belmonte Tirol - Boutique Hotel ****","og_description":"Condizioni di partecipazione Concorsi sui social media Il concorso \u00e8 organizzato da Belmonte Tirol GmbH. Partecipazione Pu\u00f2 partecipare qualsiasi persona fisica residente in Austria che abbia compiuto 18 anni. Per i minorenni \u00e8 necessario il consenso del tutore legale per partecipare, a meno che ci\u00f2 non sia escluso. Belmonte Tirol GmbH si riserva il diritto [&hellip;]","og_url":"https:\/\/belmonte.tirol\/competizione\/","og_site_name":"Belmonte Tirol - Boutique Hotel ****","article_publisher":"https:\/\/www.facebook.com\/belmonte.tirol\/","twitter_card":"summary_large_image","twitter_misc":{"Tempo di lettura stimato":"3 minuti"},"schema":{"@context":"https:\/\/schema.org","@graph":[{"@type":"WebPage","@id":"https:\/\/belmonte.tirol\/competizione\/","url":"https:\/\/belmonte.tirol\/competizione\/","name":"Competizione - Belmonte Tirol - Boutique Hotel ****","isPartOf":{"@id":"https:\/\/belmonte.tirol\/#website"},"datePublished":"2025-08-06T08:35:18+00:00","breadcrumb":{"@id":"https:\/\/belmonte.tirol\/competizione\/#breadcrumb"},"inLanguage":"it-IT","potentialAction":[{"@type":"ReadAction","target":["https:\/\/belmonte.tirol\/competizione\/"]}]},{"@type":"BreadcrumbList","@id":"https:\/\/belmonte.tirol\/competizione\/#breadcrumb","itemListElement":[{"@type":"ListItem","position":1,"name":"Startseite","item":"https:\/\/belmonte.tirol\/it\/benvenuti-a-sillian-tirolo-orientale\/"},{"@type":"ListItem","position":2,"name":"Competizione"}]},{"@type":"WebSite","@id":"https:\/\/belmonte.tirol\/#website","url":"https:\/\/belmonte.tirol\/","name":"Belmonte Tirol - Boutique Hotel ****","description":"Hotel in Sillian \/ Osttirol","publisher":{"@id":"https:\/\/belmonte.tirol\/#organization"},"potentialAction":[{"@type":"SearchAction","target":{"@type":"EntryPoint","urlTemplate":"https:\/\/belmonte.tirol\/?s={search_term_string}"},"query-input":{"@type":"PropertyValueSpecification","valueRequired":true,"valueName":"search_term_string"}}],"inLanguage":"it-IT"},{"@type":"Organization","@id":"https:\/\/belmonte.tirol\/#organization","name":"Belmonte Tirol - Boutique Hotel ****","url":"https:\/\/belmonte.tirol\/","logo":{"@type":"ImageObject","inLanguage":"it-IT","@id":"https:\/\/belmonte.tirol\/#\/schema\/logo\/image\/","url":"https:\/\/belmonte.tirol\/wp-content\/uploads\/2025\/01\/Logo.png","contentUrl":"https:\/\/belmonte.tirol\/wp-content\/uploads\/2025\/01\/Logo.png","width":1791,"height":936,"caption":"Belmonte Tirol - Boutique Hotel ****"},"image":{"@id":"https:\/\/belmonte.tirol\/#\/schema\/logo\/image\/"},"sameAs":["https:\/\/www.facebook.com\/belmonte.tirol\/","https:\/\/www.instagram.com\/belmonte.tirol\/"]}]}},"_links":{"self":[{"href":"https:\/\/belmonte.tirol\/it\/wp-json\/wp\/v2\/pages\/6833","targetHints":{"allow":["GET"]}}],"collection":[{"href":"https:\/\/belmonte.tirol\/it\/wp-json\/wp\/v2\/pages"}],"about":[{"href":"https:\/\/belmonte.tirol\/it\/wp-json\/wp\/v2\/types\/page"}],"author":[{"embeddable":true,"href":"https:\/\/belmonte.tirol\/it\/wp-json\/wp\/v2\/users\/1"}],"replies":[{"embeddable":true,"href":"https:\/\/belmonte.tirol\/it\/wp-json\/wp\/v2\/comments?post=6833"}],"version-history":[{"count":0,"href":"https:\/\/belmonte.tirol\/it\/wp-json\/wp\/v2\/pages\/6833\/revisions"}],"wp:attachment":[{"href":"https:\/\/belmonte.tirol\/it\/wp-json\/wp\/v2\/media?parent=6833"}],"curies":[{"name":"wp","href":"https:\/\/api.w.org\/{rel}","templated":true}]}}