{"id":3563,"date":"2025-01-27T09:52:09","date_gmt":"2025-01-27T09:52:09","guid":{"rendered":"https:\/\/belmonte.tirol\/impronta\/"},"modified":"2025-06-11T09:23:21","modified_gmt":"2025-06-11T09:23:21","slug":"impronta","status":"publish","type":"page","link":"https:\/\/belmonte.tirol\/it\/impronta\/","title":{"rendered":"Impronta"},"content":{"rendered":"\t\t<div data-elementor-type=\"wp-page\" data-elementor-id=\"3563\" class=\"elementor elementor-3563 elementor-1489\" data-elementor-post-type=\"page\">\n\t\t\t\t<div class=\"elementor-element elementor-element-3dbcf23 e-flex e-con-boxed e-con e-parent\" data-id=\"3dbcf23\" data-element_type=\"container\" data-e-type=\"container\">\n\t\t\t\t\t<div class=\"e-con-inner\">\n\t\t\t\t<div class=\"elementor-element elementor-element-d68ea06 elementor-widget elementor-widget-heading\" data-id=\"d68ea06\" data-element_type=\"widget\" data-e-type=\"widget\" data-widget_type=\"heading.default\">\n\t\t\t\t<div class=\"elementor-widget-container\">\n\t\t\t\t\t<h2 class=\"elementor-heading-title elementor-size-default\">Impronta<\/h2>\t\t\t\t<\/div>\n\t\t\t\t<\/div>\n\t\t\t\t<div class=\"elementor-element elementor-element-b7d0480 elementor-widget elementor-widget-text-editor\" data-id=\"b7d0480\" data-element_type=\"widget\" data-e-type=\"widget\" data-widget_type=\"text-editor.default\">\n\t\t\t\t<div class=\"elementor-widget-container\">\n\t\t\t\t\t\t\t\t\t<section class=\"elementor-section elementor-top-section elementor-element elementor-element-0e6317e elementor-section-boxed elementor-section-height-default elementor-section-height-default\" data-id=\"0e6317e\" data-element_type=\"section\"><div class=\"elementor-container elementor-column-gap-default\"><div class=\"elementor-column elementor-col-50 elementor-top-column elementor-element elementor-element-10f0a92\" data-id=\"10f0a92\" data-element_type=\"column\"><div class=\"elementor-widget-wrap elementor-element-populated\"><div class=\"elementor-element elementor-element-be63379 elementor-widget elementor-widget-text-editor\" data-id=\"be63379\" data-element_type=\"widget\" data-widget_type=\"text-editor.default\"><div class=\"elementor-widget-container\"><p><strong>Responsabile dei contenuti<\/strong><\/p><p class=\"\" data-start=\"105\" data-end=\"293\">Belmonte Tirol GmbH<br data-start=\"160\" data-end=\"163\">Sillian 166<br data-start=\"174\" data-end=\"177\">9920 Sillian<br data-start=\"189\" data-end=\"192\">Austria<br data-start=\"202\" data-end=\"205\">Telefono: +43 4842 2 10 10<br data-start=\"230\" data-end=\"233\">E-mail: <a rel=\"noopener\" data-start=\"241\" data-end=\"263\">welcome@belmonte.tirol<\/a><br data-start=\"263\" data-end=\"266\">Sito web: <a class=\"\" href=\"http:\/\/www.belmonte.tirol\" target=\"_new\" rel=\"noopener\" data-start=\"275\" data-end=\"293\">www.belmonte.tirol<\/a><\/p><p class=\"\" data-start=\"295\" data-end=\"363\"><strong data-start=\"295\" data-end=\"314\">Rappresentato da<\/strong><br data-start=\"314\" data-end=\"317\">Sig. Stephan Hofmann, MSc<br data-start=\"342\" data-end=\"345\">Sig. Dominik Lener<\/p><p class=\"\" data-start=\"365\" data-end=\"418\"><strong data-start=\"365\" data-end=\"386\">Iscrizione al registro delle imprese<\/strong><br data-start=\"386\" data-end=\"389\">Numero del registro delle imprese: FN 570814 h<\/p><p class=\"\" data-start=\"420\" data-end=\"481\"><strong data-start=\"420\" data-end=\"455\">Iscrizione nel registro delle imprese<\/strong><br data-start=\"455\" data-end=\"458\">Tribunale regionale di Innsbruck<\/p><p class=\"\" data-start=\"483\" data-end=\"536\"><strong data-start=\"483\" data-end=\"499\">Membro di<\/strong><br data-start=\"499\" data-end=\"502\">Camera Economica Federale Austriaca (WKO)<\/p><p class=\"\" data-start=\"538\" data-end=\"571\"><strong data-start=\"538\" data-end=\"557\">Codice fiscale<\/strong><br data-start=\"557\" data-end=\"560\">ATU77652657<\/p><p class=\"\" data-start=\"573\" data-end=\"641\"><strong data-start=\"573\" data-end=\"610\">Autorit\u00e0 di vigilanza \/ autorit\u00e0 commerciale<\/strong><br data-start=\"610\" data-end=\"613\">Bezirkshauptmannschaft Lienz<\/p><p class=\"\" data-start=\"643\" data-end=\"729\"><strong data-start=\"643\" data-end=\"682\">Informazioni ai sensi della legge sul commercio elettronico<\/strong><br data-start=\"682\" data-end=\"685\">Scopo dell&#8217;attivit\u00e0: Gestione di un hotel<\/p><p data-start=\"643\" data-end=\"729\"><strong>Licenza commerciale<\/strong><br>Settore alberghiero secondo il \u00a7 111 GewO<\/p><p class=\"\" data-start=\"731\" data-end=\"845\"><strong data-start=\"731\" data-end=\"764\">Legislazione applicabile<\/strong><br data-start=\"764\" data-end=\"767\">Gewerbeordnung (GewO)<br data-start=\"788\" data-end=\"791\">Unternehmensgesetzbuch (UGB)<br data-start=\"819\" data-end=\"822\">E-Commerce Act (ECG)<\/p><\/div><\/div><\/div><\/div><div class=\"elementor-column elementor-col-50 elementor-top-column elementor-element elementor-element-cb50ef3\" data-id=\"cb50ef3\" data-element_type=\"column\"><div class=\"elementor-widget-wrap elementor-element-populated\"><div class=\"elementor-element elementor-element-eb06033 elementor-widget elementor-widget-text-editor\" data-id=\"eb06033\" data-element_type=\"widget\" data-widget_type=\"text-editor.default\"><div class=\"elementor-widget-container\"><p class=\"sppb-addon-title\"><strong>Concetto, layout, programmazione<\/strong><\/p><div class=\"sppb-addon-content\"><p><br><br>Alphamedia Tirol GmbH Aue 185 b | A-9920 Sillian www.alphamedia.tirol<\/p><p><a href=\"http:\/\/www.alphamedia.tirol\" target=\"_blank\" rel=\"noopener\"><img decoding=\"async\" class=\"alignnone size-medium wp-image-2665\" src=\"https:\/\/belmonte.tirol\/wp-content\/uploads\/2025\/02\/logo-schwarz-300x147.png\" alt=\"\" width=\"300\" height=\"147\" srcset=\"https:\/\/belmonte.tirol\/wp-content\/uploads\/2025\/02\/logo-schwarz-300x147.png 300w, https:\/\/belmonte.tirol\/wp-content\/uploads\/2025\/02\/logo-schwarz.png 543w\" sizes=\"(max-width: 300px) 100vw, 300px\" \/><\/a><\/p><\/div><\/div><\/div><div class=\"elementor-element elementor-element-455826d elementor-widget elementor-widget-image\" data-id=\"455826d\" data-element_type=\"widget\" data-widget_type=\"image.default\"><div class=\"elementor-widget-container\"> <\/div><\/div><\/div><\/div><\/div><\/section><section class=\"elementor-section elementor-top-section elementor-element elementor-element-d6274f9 elementor-section-boxed elementor-section-height-default elementor-section-height-default\" data-id=\"d6274f9\" data-element_type=\"section\"><div class=\"elementor-container elementor-column-gap-default\"><div class=\"elementor-column elementor-col-100 elementor-top-column elementor-element elementor-element-476bb581\" data-id=\"476bb581\" data-element_type=\"column\"><div class=\"elementor-widget-wrap elementor-element-populated\"><div class=\"elementor-element elementor-element-04a6737 elementor-widget elementor-widget-text-editor\" data-id=\"04a6737\" data-element_type=\"widget\" data-widget_type=\"text-editor.default\"><div class=\"elementor-widget-container\"><h1>Esclusione di responsabilit\u00e0<\/h1><p><strong>Responsabilit\u00e0 per i contenuti<\/strong><\/p><p>Il contenuto del nostro sito web \u00e8 stato redatto con la massima cura. Tuttavia, non possiamo assumerci alcuna responsabilit\u00e0 per l&#8217;accuratezza, la completezza e l&#8217;attualit\u00e0 dei contenuti. In qualit\u00e0 di fornitore di servizi, siamo responsabili dei nostri contenuti su queste pagine ai sensi del \u00a7 7 comma 1 TMG (legge tedesca sui media telematici) e delle leggi generali. Ai sensi dei \u00a7\u00a7 8-10 TMG, tuttavia, in qualit\u00e0 di fornitore di servizi non siamo obbligati a monitorare le informazioni trasmesse o memorizzate da terzi o a indagare su circostanze che indicano un&#8217;attivit\u00e0 illegale. Gli obblighi di rimuovere o bloccare l&#8217;uso delle informazioni in conformit\u00e0 alla legislazione generale rimangono inalterati. Tuttavia, la responsabilit\u00e0 in questo senso \u00e8 possibile solo dal momento in cui si viene a conoscenza di una specifica violazione. Non appena verremo a conoscenza di tali violazioni, rimuoveremo immediatamente i contenuti.       <\/p><p><strong>Responsabilit\u00e0 per i link<\/strong><\/p><p>Il nostro sito web contiene link a siti web esterni di terzi sui cui contenuti non abbiamo alcuna influenza. Pertanto, non possiamo assumerci alcuna responsabilit\u00e0 per questi contenuti di terzi. Il rispettivo fornitore o gestore delle pagine \u00e8 sempre responsabile del contenuto delle pagine collegate. Le pagine collegate sono state controllate per verificare la presenza di eventuali violazioni legali al momento del collegamento. I contenuti illegali non sono stati individuati al momento del collegamento. Tuttavia, il monitoraggio permanente del contenuto delle pagine collegate non \u00e8 ragionevole in assenza di prove concrete di una violazione. Se dovessimo venire a conoscenza di eventuali violazioni legali, rimuoveremo immediatamente tali link.      <\/p><p><strong>Copyright<\/strong><\/p><p>I contenuti e le opere create dagli operatori del sito in queste pagine sono soggetti alla legge austriaca sul copyright. La duplicazione, l&#8217;elaborazione, la distribuzione e qualsiasi forma di commercializzazione di tale materiale al di fuori dell&#8217;ambito di applicazione della legge sul diritto d&#8217;autore richiede il previo consenso scritto del rispettivo autore o creatore. I download e le copie di questo sito sono consentiti solo per uso privato e non commerciale. Nella misura in cui i contenuti di questo sito non sono stati creati dall&#8217;operatore, vengono rispettati i diritti d&#8217;autore di terzi. In particolare, i contenuti di terzi sono contrassegnati come tali. Se tuttavia dovessi venire a conoscenza di una violazione del copyright, ti preghiamo di informarci di conseguenza. Qualora venissimo a conoscenza di violazioni, provvederemo a rimuovere immediatamente tali contenuti.      <\/p><p><strong>Protezione dei dati<\/strong><\/p><p>L&#8217;utilizzo del nostro sito web \u00e8 generalmente possibile senza fornire dati personali. Se sul nostro sito web vengono raccolti dati personali (ad esempio nome, indirizzo o indirizzo e-mail), ci\u00f2 avviene sempre, per quanto possibile, su base volontaria. Tali dati non saranno trasmessi a terzi senza il tuo esplicito consenso.    <br>Desideriamo sottolineare che la trasmissione di dati su Internet (ad esempio quando si comunica via e-mail) pu\u00f2 presentare delle lacune in termini di sicurezza. Non \u00e8 possibile proteggere completamente i dati dall&#8217;accesso di terzi.   <br>Con la presente si vieta espressamente l&#8217;utilizzo dei dati di contatto pubblicati nell&#8217;ambito dell&#8217;obbligo di imprinting da parte di terzi per l&#8217;invio di materiale pubblicitario e informativo non richiesto. Gli operatori di questo sito web si riservano espressamente il diritto di intraprendere azioni legali in caso di invio non richiesto di informazioni pubblicitarie, come ad esempio e-mail di spam. <\/p><p><strong>Google Analytics<\/strong><\/p><p>Questo sito web utilizza Google Analytics, un servizio di analisi web fornito da Google Inc (&#8220;Google&#8221;). Google Analytics utilizza dei &#8220;cookies&#8221;, che sono file di testo che vengono depositati sul tuo computer per consentire al sito web di analizzare come gli utenti utilizzano il sito. Le informazioni generate dal cookie sull&#8217;utilizzo del sito web da parte dell&#8217;utente (compreso il suo indirizzo IP) verranno trasmesse e memorizzate da Google su un server negli Stati Uniti. Google utilizzer\u00e0 queste informazioni allo scopo di analizzare l&#8217;utilizzo del sito web da parte dell&#8217;utente, compilare report sulle attivit\u00e0 del sito web per gli operatori del sito web e fornire altri servizi relativi alle attivit\u00e0 del sito web e all&#8217;utilizzo di Internet. Google pu\u00f2 anche trasferire queste informazioni a terzi, qualora ci\u00f2 sia richiesto dalla legge o qualora tali terzi elaborino le informazioni per conto di Google. Google non assocer\u00e0 il tuo indirizzo IP a nessun altro dato posseduto da Google. L&#8217;utente pu\u00f2 rifiutare l&#8217;uso dei cookie selezionando l&#8217;impostazione appropriata sul proprio browser; tuttavia, si prega di notare che in tal caso potrebbe non essere in grado di utilizzare tutte le funzionalit\u00e0 di questo sito web. Utilizzando il presente sito web, l&#8217;utente acconsente al trattamento dei propri dati da parte di Google per le modalit\u00e0 e i fini sopraindicati.        <\/p><p><strong>Foto<\/strong><\/p><p class=\"wa_style_jbalxqcw1duorfu3yo\"><br><br>Belmonte Tirol &#8211; Boutique Hotel **** TVB Osttirol Freepik<\/p><\/div><\/div><\/div><\/div><\/div><\/section>\t\t\t\t\t\t\t\t<\/div>\n\t\t\t\t<\/div>\n\t\t\t\t\t<\/div>\n\t\t\t\t<\/div>\n\t\t\t\t<\/div>\n\t\t","protected":false},"excerpt":{"rendered":"<p>Impronta Responsabile dei contenuti Belmonte Tirol GmbHSillian 1669920 SillianAustriaTelefono: +43 4842 2 10 10E-mail: welcome@belmonte.tirolSito web: www.belmonte.tirol Rappresentato daSig. Stephan Hofmann, MScSig. Dominik Lener Iscrizione al registro delle impreseNumero del registro delle imprese: FN 570814 h Iscrizione nel registro delle impreseTribunale regionale di Innsbruck Membro diCamera Economica Federale Austriaca (WKO) Codice fiscaleATU77652657 Autorit\u00e0 di vigilanza [&hellip;]<\/p>\n","protected":false},"author":1,"featured_media":0,"parent":0,"menu_order":0,"comment_status":"closed","ping_status":"closed","template":"elementor_header_footer","meta":{"_acf_changed":false,"footnotes":""},"class_list":["post-3563","page","type-page","status-publish","hentry","entry"],"acf":[],"yoast_head":"<!-- This site is optimized with the Yoast SEO plugin v27.2 - https:\/\/yoast.com\/product\/yoast-seo-wordpress\/ -->\n<title>Impronta - Belmonte Tirol - Boutique Hotel ****<\/title>\n<meta name=\"robots\" content=\"noindex, nofollow\" \/>\n<meta property=\"og:locale\" content=\"it_IT\" \/>\n<meta property=\"og:type\" content=\"article\" \/>\n<meta property=\"og:title\" content=\"Impronta - Belmonte Tirol - Boutique Hotel ****\" \/>\n<meta property=\"og:description\" content=\"Impronta Responsabile dei contenuti Belmonte Tirol GmbHSillian 1669920 SillianAustriaTelefono: +43 4842 2 10 10E-mail: welcome@belmonte.tirolSito web: www.belmonte.tirol Rappresentato daSig. Stephan Hofmann, MScSig. Dominik Lener Iscrizione al registro delle impreseNumero del registro delle imprese: FN 570814 h Iscrizione nel registro delle impreseTribunale regionale di Innsbruck Membro diCamera Economica Federale Austriaca (WKO) Codice fiscaleATU77652657 Autorit\u00e0 di vigilanza [&hellip;]\" \/>\n<meta property=\"og:url\" content=\"https:\/\/belmonte.tirol\/it\/impronta\/\" \/>\n<meta property=\"og:site_name\" content=\"Belmonte Tirol - Boutique Hotel ****\" \/>\n<meta property=\"article:publisher\" content=\"https:\/\/www.facebook.com\/belmonte.tirol\/\" \/>\n<meta property=\"article:modified_time\" content=\"2025-06-11T09:23:21+00:00\" \/>\n<meta property=\"og:image\" content=\"https:\/\/belmonte.tirol\/wp-content\/uploads\/2025\/02\/logo-schwarz.png\" \/>\n\t<meta property=\"og:image:width\" content=\"543\" \/>\n\t<meta property=\"og:image:height\" content=\"266\" \/>\n\t<meta property=\"og:image:type\" content=\"image\/png\" \/>\n<meta name=\"twitter:card\" content=\"summary_large_image\" \/>\n<meta name=\"twitter:label1\" content=\"Tempo di lettura stimato\" \/>\n\t<meta name=\"twitter:data1\" content=\"4 minuti\" \/>\n<script type=\"application\/ld+json\" class=\"yoast-schema-graph\">{\"@context\":\"https:\/\/schema.org\",\"@graph\":[{\"@type\":\"WebPage\",\"@id\":\"https:\/\/belmonte.tirol\/it\/impronta\/\",\"url\":\"https:\/\/belmonte.tirol\/it\/impronta\/\",\"name\":\"Impronta - Belmonte Tirol - Boutique Hotel ****\",\"isPartOf\":{\"@id\":\"https:\/\/belmonte.tirol\/#website\"},\"primaryImageOfPage\":{\"@id\":\"https:\/\/belmonte.tirol\/it\/impronta\/#primaryimage\"},\"image\":{\"@id\":\"https:\/\/belmonte.tirol\/it\/impronta\/#primaryimage\"},\"thumbnailUrl\":\"https:\/\/belmonte.tirol\/wp-content\/uploads\/2025\/02\/logo-schwarz-300x147.png\",\"datePublished\":\"2025-01-27T09:52:09+00:00\",\"dateModified\":\"2025-06-11T09:23:21+00:00\",\"breadcrumb\":{\"@id\":\"https:\/\/belmonte.tirol\/it\/impronta\/#breadcrumb\"},\"inLanguage\":\"it-IT\",\"potentialAction\":[{\"@type\":\"ReadAction\",\"target\":[\"https:\/\/belmonte.tirol\/it\/impronta\/\"]}]},{\"@type\":\"ImageObject\",\"inLanguage\":\"it-IT\",\"@id\":\"https:\/\/belmonte.tirol\/it\/impronta\/#primaryimage\",\"url\":\"https:\/\/belmonte.tirol\/wp-content\/uploads\/2025\/02\/logo-schwarz-300x147.png\",\"contentUrl\":\"https:\/\/belmonte.tirol\/wp-content\/uploads\/2025\/02\/logo-schwarz-300x147.png\"},{\"@type\":\"BreadcrumbList\",\"@id\":\"https:\/\/belmonte.tirol\/it\/impronta\/#breadcrumb\",\"itemListElement\":[{\"@type\":\"ListItem\",\"position\":1,\"name\":\"Startseite\",\"item\":\"https:\/\/belmonte.tirol\/it\/benvenuti-a-sillian-tirolo-orientale\/\"},{\"@type\":\"ListItem\",\"position\":2,\"name\":\"Impronta\"}]},{\"@type\":\"WebSite\",\"@id\":\"https:\/\/belmonte.tirol\/#website\",\"url\":\"https:\/\/belmonte.tirol\/\",\"name\":\"Belmonte Tirol - Boutique Hotel ****\",\"description\":\"Hotel in Sillian \/ Osttirol\",\"publisher\":{\"@id\":\"https:\/\/belmonte.tirol\/#organization\"},\"potentialAction\":[{\"@type\":\"SearchAction\",\"target\":{\"@type\":\"EntryPoint\",\"urlTemplate\":\"https:\/\/belmonte.tirol\/?s={search_term_string}\"},\"query-input\":{\"@type\":\"PropertyValueSpecification\",\"valueRequired\":true,\"valueName\":\"search_term_string\"}}],\"inLanguage\":\"it-IT\"},{\"@type\":\"Organization\",\"@id\":\"https:\/\/belmonte.tirol\/#organization\",\"name\":\"Belmonte Tirol - Boutique Hotel ****\",\"url\":\"https:\/\/belmonte.tirol\/\",\"logo\":{\"@type\":\"ImageObject\",\"inLanguage\":\"it-IT\",\"@id\":\"https:\/\/belmonte.tirol\/#\/schema\/logo\/image\/\",\"url\":\"https:\/\/belmonte.tirol\/wp-content\/uploads\/2025\/01\/Logo.png\",\"contentUrl\":\"https:\/\/belmonte.tirol\/wp-content\/uploads\/2025\/01\/Logo.png\",\"width\":1791,\"height\":936,\"caption\":\"Belmonte Tirol - Boutique Hotel ****\"},\"image\":{\"@id\":\"https:\/\/belmonte.tirol\/#\/schema\/logo\/image\/\"},\"sameAs\":[\"https:\/\/www.facebook.com\/belmonte.tirol\/\",\"https:\/\/www.instagram.com\/belmonte.tirol\/\"]}]}<\/script>\n<!-- \/ Yoast SEO plugin. -->","yoast_head_json":{"title":"Impronta - Belmonte Tirol - Boutique Hotel ****","robots":{"index":"noindex","follow":"nofollow"},"og_locale":"it_IT","og_type":"article","og_title":"Impronta - Belmonte Tirol - Boutique Hotel ****","og_description":"Impronta Responsabile dei contenuti Belmonte Tirol GmbHSillian 1669920 SillianAustriaTelefono: +43 4842 2 10 10E-mail: welcome@belmonte.tirolSito web: www.belmonte.tirol Rappresentato daSig. Stephan Hofmann, MScSig. Dominik Lener Iscrizione al registro delle impreseNumero del registro delle imprese: FN 570814 h Iscrizione nel registro delle impreseTribunale regionale di Innsbruck Membro diCamera Economica Federale Austriaca (WKO) Codice fiscaleATU77652657 Autorit\u00e0 di vigilanza [&hellip;]","og_url":"https:\/\/belmonte.tirol\/it\/impronta\/","og_site_name":"Belmonte Tirol - Boutique Hotel ****","article_publisher":"https:\/\/www.facebook.com\/belmonte.tirol\/","article_modified_time":"2025-06-11T09:23:21+00:00","og_image":[{"width":543,"height":266,"url":"https:\/\/belmonte.tirol\/wp-content\/uploads\/2025\/02\/logo-schwarz.png","type":"image\/png"}],"twitter_card":"summary_large_image","twitter_misc":{"Tempo di lettura stimato":"4 minuti"},"schema":{"@context":"https:\/\/schema.org","@graph":[{"@type":"WebPage","@id":"https:\/\/belmonte.tirol\/it\/impronta\/","url":"https:\/\/belmonte.tirol\/it\/impronta\/","name":"Impronta - Belmonte Tirol - Boutique Hotel ****","isPartOf":{"@id":"https:\/\/belmonte.tirol\/#website"},"primaryImageOfPage":{"@id":"https:\/\/belmonte.tirol\/it\/impronta\/#primaryimage"},"image":{"@id":"https:\/\/belmonte.tirol\/it\/impronta\/#primaryimage"},"thumbnailUrl":"https:\/\/belmonte.tirol\/wp-content\/uploads\/2025\/02\/logo-schwarz-300x147.png","datePublished":"2025-01-27T09:52:09+00:00","dateModified":"2025-06-11T09:23:21+00:00","breadcrumb":{"@id":"https:\/\/belmonte.tirol\/it\/impronta\/#breadcrumb"},"inLanguage":"it-IT","potentialAction":[{"@type":"ReadAction","target":["https:\/\/belmonte.tirol\/it\/impronta\/"]}]},{"@type":"ImageObject","inLanguage":"it-IT","@id":"https:\/\/belmonte.tirol\/it\/impronta\/#primaryimage","url":"https:\/\/belmonte.tirol\/wp-content\/uploads\/2025\/02\/logo-schwarz-300x147.png","contentUrl":"https:\/\/belmonte.tirol\/wp-content\/uploads\/2025\/02\/logo-schwarz-300x147.png"},{"@type":"BreadcrumbList","@id":"https:\/\/belmonte.tirol\/it\/impronta\/#breadcrumb","itemListElement":[{"@type":"ListItem","position":1,"name":"Startseite","item":"https:\/\/belmonte.tirol\/it\/benvenuti-a-sillian-tirolo-orientale\/"},{"@type":"ListItem","position":2,"name":"Impronta"}]},{"@type":"WebSite","@id":"https:\/\/belmonte.tirol\/#website","url":"https:\/\/belmonte.tirol\/","name":"Belmonte Tirol - Boutique Hotel ****","description":"Hotel in Sillian \/ Osttirol","publisher":{"@id":"https:\/\/belmonte.tirol\/#organization"},"potentialAction":[{"@type":"SearchAction","target":{"@type":"EntryPoint","urlTemplate":"https:\/\/belmonte.tirol\/?s={search_term_string}"},"query-input":{"@type":"PropertyValueSpecification","valueRequired":true,"valueName":"search_term_string"}}],"inLanguage":"it-IT"},{"@type":"Organization","@id":"https:\/\/belmonte.tirol\/#organization","name":"Belmonte Tirol - Boutique Hotel ****","url":"https:\/\/belmonte.tirol\/","logo":{"@type":"ImageObject","inLanguage":"it-IT","@id":"https:\/\/belmonte.tirol\/#\/schema\/logo\/image\/","url":"https:\/\/belmonte.tirol\/wp-content\/uploads\/2025\/01\/Logo.png","contentUrl":"https:\/\/belmonte.tirol\/wp-content\/uploads\/2025\/01\/Logo.png","width":1791,"height":936,"caption":"Belmonte Tirol - Boutique Hotel ****"},"image":{"@id":"https:\/\/belmonte.tirol\/#\/schema\/logo\/image\/"},"sameAs":["https:\/\/www.facebook.com\/belmonte.tirol\/","https:\/\/www.instagram.com\/belmonte.tirol\/"]}]}},"_links":{"self":[{"href":"https:\/\/belmonte.tirol\/it\/wp-json\/wp\/v2\/pages\/3563","targetHints":{"allow":["GET"]}}],"collection":[{"href":"https:\/\/belmonte.tirol\/it\/wp-json\/wp\/v2\/pages"}],"about":[{"href":"https:\/\/belmonte.tirol\/it\/wp-json\/wp\/v2\/types\/page"}],"author":[{"embeddable":true,"href":"https:\/\/belmonte.tirol\/it\/wp-json\/wp\/v2\/users\/1"}],"replies":[{"embeddable":true,"href":"https:\/\/belmonte.tirol\/it\/wp-json\/wp\/v2\/comments?post=3563"}],"version-history":[{"count":4,"href":"https:\/\/belmonte.tirol\/it\/wp-json\/wp\/v2\/pages\/3563\/revisions"}],"predecessor-version":[{"id":5956,"href":"https:\/\/belmonte.tirol\/it\/wp-json\/wp\/v2\/pages\/3563\/revisions\/5956"}],"wp:attachment":[{"href":"https:\/\/belmonte.tirol\/it\/wp-json\/wp\/v2\/media?parent=3563"}],"curies":[{"name":"wp","href":"https:\/\/api.w.org\/{rel}","templated":true}]}}