{"id":3556,"date":"2025-01-28T14:29:15","date_gmt":"2025-01-28T14:29:15","guid":{"rendered":"https:\/\/belmonte.tirol\/mountainspa\/"},"modified":"2026-02-26T08:41:25","modified_gmt":"2026-02-26T08:41:25","slug":"mountainspa","status":"publish","type":"page","link":"https:\/\/belmonte.tirol\/it\/tavoletta\/mountainspa\/","title":{"rendered":"MountainSPA"},"content":{"rendered":"\t\t<div data-elementor-type=\"wp-page\" data-elementor-id=\"3556\" class=\"elementor elementor-3556 elementor-1726\" data-elementor-post-type=\"page\">\n\t\t\t\t<div class=\"elementor-element elementor-element-f1b6548 e-flex e-con-boxed e-con e-parent\" data-id=\"f1b6548\" data-element_type=\"container\" data-e-type=\"container\">\n\t\t\t\t\t<div class=\"e-con-inner\">\n\t\t<div class=\"elementor-element elementor-element-f8c3dc5 e-con-full e-flex e-con e-child\" data-id=\"f8c3dc5\" data-element_type=\"container\" data-e-type=\"container\">\n\t\t<div class=\"elementor-element elementor-element-30e9687 e-con-full e-flex e-con e-child\" data-id=\"30e9687\" data-element_type=\"container\" data-e-type=\"container\">\n\t\t\t\t<div class=\"elementor-element elementor-element-913700b elementor-widget elementor-widget-heading\" data-id=\"913700b\" data-element_type=\"widget\" data-e-type=\"widget\" data-widget_type=\"heading.default\">\n\t\t\t\t<div class=\"elementor-widget-container\">\n\t\t\t\t\t<h1 class=\"elementor-heading-title elementor-size-default\">Area benessere<\/h1>\t\t\t\t<\/div>\n\t\t\t\t<\/div>\n\t\t\t\t<div class=\"elementor-element elementor-element-b3e52e2 elementor-widget elementor-widget-heading\" data-id=\"b3e52e2\" data-element_type=\"widget\" data-e-type=\"widget\" data-widget_type=\"heading.default\">\n\t\t\t\t<div class=\"elementor-widget-container\">\n\t\t\t\t\t<h2 class=\"elementor-heading-title elementor-size-default\">MountainSPA<\/h2>\t\t\t\t<\/div>\n\t\t\t\t<\/div>\n\t\t\t\t<div class=\"elementor-element elementor-element-0d01285 elementor-widget elementor-widget-text-editor\" data-id=\"0d01285\" data-element_type=\"widget\" data-e-type=\"widget\" data-widget_type=\"text-editor.default\">\n\t\t\t\t<div class=\"elementor-widget-container\">\n\t\t\t\t\t\t\t\t\t<p class=\"text-base\">Una lussuosa area benessere offre un&#8217;esperienza indimenticabile per tutti i sensi. Qui potrai rilassarti in un&#8217;atmosfera rilassante e lasciarti alle spalle le preoccupazioni della vita quotidiana. <\/p>\n<ul>\n<li>Zona relax<\/li>\n<li>Sauna finlandese<\/li>\n<li>Bagno di vapore<\/li>\n<li>Doccia solare<\/li>\n<li>Doccia dell&#8217;esperienza<\/li>\n<\/ul>\n<p class=\"text-base\">C&#8217;\u00e8 un<strong>&#8220;angolo della vitalit\u00e0<\/strong>&#8221; con t\u00e8, noci, frutta e molto altro per rinfrescarsi un po&#8217;.  <\/p>\n\t\t\t\t\t\t\t\t<\/div>\n\t\t\t\t<\/div>\n\t\t\t\t<\/div>\n\t\t\t\t<\/div>\n\t\t<div class=\"elementor-element elementor-element-38cdbf0 e-con-full e-flex e-con e-child\" data-id=\"38cdbf0\" data-element_type=\"container\" data-e-type=\"container\">\n\t\t\t\t<div class=\"elementor-element elementor-element-adb2a53 elementor-widget elementor-widget-gallery\" data-id=\"adb2a53\" data-element_type=\"widget\" data-e-type=\"widget\" data-settings=\"{&quot;columns&quot;:2,&quot;gallery_layout&quot;:&quot;grid&quot;,&quot;columns_tablet&quot;:2,&quot;columns_mobile&quot;:1,&quot;gap&quot;:{&quot;unit&quot;:&quot;px&quot;,&quot;size&quot;:10,&quot;sizes&quot;:[]},&quot;gap_tablet&quot;:{&quot;unit&quot;:&quot;px&quot;,&quot;size&quot;:10,&quot;sizes&quot;:[]},&quot;gap_mobile&quot;:{&quot;unit&quot;:&quot;px&quot;,&quot;size&quot;:10,&quot;sizes&quot;:[]},&quot;link_to&quot;:&quot;file&quot;,&quot;aspect_ratio&quot;:&quot;3:2&quot;,&quot;overlay_background&quot;:&quot;yes&quot;,&quot;content_hover_animation&quot;:&quot;fade-in&quot;}\" data-widget_type=\"gallery.default\">\n\t\t\t\t<div class=\"elementor-widget-container\">\n\t\t\t\t\t\t\t<div class=\"elementor-gallery__container\">\n\t\t\t\t\t\t\t<a class=\"e-gallery-item elementor-gallery-item elementor-animated-content\" href=\"https:\/\/belmonte.tirol\/wp-content\/uploads\/2025\/01\/hotel-belmonte-wellness-sillian001.jpg\" data-elementor-open-lightbox=\"yes\" data-elementor-lightbox-slideshow=\"adb2a53\" data-e-action-hash=\"#elementor-action%3Aaction%3Dlightbox%26settings%3DeyJpZCI6MzMyMSwidXJsIjoiaHR0cHM6XC9cL2JlbG1vbnRlLnRpcm9sXC93cC1jb250ZW50XC91cGxvYWRzXC8yMDI1XC8wMVwvaG90ZWwtYmVsbW9udGUtd2VsbG5lc3Mtc2lsbGlhbjAwMS5qcGciLCJzbGlkZXNob3ciOiJhZGIyYTUzIn0%3D\">\n\t\t\t\t\t<div class=\"e-gallery-image elementor-gallery-item__image\" data-thumbnail=\"https:\/\/belmonte.tirol\/wp-content\/uploads\/2025\/01\/hotel-belmonte-wellness-sillian001.jpg\" data-width=\"800\" data-height=\"600\" aria-label=\"\" role=\"img\" ><\/div>\n\t\t\t\t\t\t\t\t\t\t\t<div class=\"elementor-gallery-item__overlay\"><\/div>\n\t\t\t\t\t\t\t\t\t\t\t\t\t\t<\/a>\n\t\t\t\t\t\t\t<a class=\"e-gallery-item elementor-gallery-item elementor-animated-content\" href=\"https:\/\/belmonte.tirol\/wp-content\/uploads\/2025\/01\/hotel-belmonte-wellness-sillian016.jpg\" data-elementor-open-lightbox=\"yes\" data-elementor-lightbox-slideshow=\"adb2a53\" data-e-action-hash=\"#elementor-action%3Aaction%3Dlightbox%26settings%3DeyJpZCI6MzM1MSwidXJsIjoiaHR0cHM6XC9cL2JlbG1vbnRlLnRpcm9sXC93cC1jb250ZW50XC91cGxvYWRzXC8yMDI1XC8wMVwvaG90ZWwtYmVsbW9udGUtd2VsbG5lc3Mtc2lsbGlhbjAxNi5qcGciLCJzbGlkZXNob3ciOiJhZGIyYTUzIn0%3D\">\n\t\t\t\t\t<div class=\"e-gallery-image elementor-gallery-item__image\" data-thumbnail=\"https:\/\/belmonte.tirol\/wp-content\/uploads\/2025\/01\/hotel-belmonte-wellness-sillian016.jpg\" data-width=\"800\" data-height=\"600\" aria-label=\"\" role=\"img\" ><\/div>\n\t\t\t\t\t\t\t\t\t\t\t<div class=\"elementor-gallery-item__overlay\"><\/div>\n\t\t\t\t\t\t\t\t\t\t\t\t\t\t<\/a>\n\t\t\t\t\t\t\t<a class=\"e-gallery-item elementor-gallery-item elementor-animated-content\" href=\"https:\/\/belmonte.tirol\/wp-content\/uploads\/2025\/01\/hotel-belmonte-wellness-sillian015.jpg\" data-elementor-open-lightbox=\"yes\" data-elementor-lightbox-slideshow=\"adb2a53\" data-e-action-hash=\"#elementor-action%3Aaction%3Dlightbox%26settings%3DeyJpZCI6MzM0OSwidXJsIjoiaHR0cHM6XC9cL2JlbG1vbnRlLnRpcm9sXC93cC1jb250ZW50XC91cGxvYWRzXC8yMDI1XC8wMVwvaG90ZWwtYmVsbW9udGUtd2VsbG5lc3Mtc2lsbGlhbjAxNS5qcGciLCJzbGlkZXNob3ciOiJhZGIyYTUzIn0%3D\">\n\t\t\t\t\t<div class=\"e-gallery-image elementor-gallery-item__image\" data-thumbnail=\"https:\/\/belmonte.tirol\/wp-content\/uploads\/2025\/01\/hotel-belmonte-wellness-sillian015.jpg\" data-width=\"800\" data-height=\"600\" aria-label=\"\" role=\"img\" ><\/div>\n\t\t\t\t\t\t\t\t\t\t\t<div class=\"elementor-gallery-item__overlay\"><\/div>\n\t\t\t\t\t\t\t\t\t\t\t\t\t\t<\/a>\n\t\t\t\t\t\t\t<a class=\"e-gallery-item elementor-gallery-item elementor-animated-content\" href=\"https:\/\/belmonte.tirol\/wp-content\/uploads\/2025\/01\/hotel-belmonte-wellness-sillian009.jpg\" data-elementor-open-lightbox=\"yes\" data-elementor-lightbox-slideshow=\"adb2a53\" data-e-action-hash=\"#elementor-action%3Aaction%3Dlightbox%26settings%3DeyJpZCI6MzMzNywidXJsIjoiaHR0cHM6XC9cL2JlbG1vbnRlLnRpcm9sXC93cC1jb250ZW50XC91cGxvYWRzXC8yMDI1XC8wMVwvaG90ZWwtYmVsbW9udGUtd2VsbG5lc3Mtc2lsbGlhbjAwOS5qcGciLCJzbGlkZXNob3ciOiJhZGIyYTUzIn0%3D\">\n\t\t\t\t\t<div class=\"e-gallery-image elementor-gallery-item__image\" data-thumbnail=\"https:\/\/belmonte.tirol\/wp-content\/uploads\/2025\/01\/hotel-belmonte-wellness-sillian009.jpg\" data-width=\"800\" data-height=\"600\" aria-label=\"\" role=\"img\" ><\/div>\n\t\t\t\t\t\t\t\t\t\t\t<div class=\"elementor-gallery-item__overlay\"><\/div>\n\t\t\t\t\t\t\t\t\t\t\t\t\t\t<\/a>\n\t\t\t\t\t<\/div>\n\t\t\t\t\t<\/div>\n\t\t\t\t<\/div>\n\t\t\t\t<\/div>\n\t\t\t\t\t<\/div>\n\t\t\t\t<\/div>\n\t\t<div class=\"elementor-element elementor-element-2f0fdeb e-flex e-con-boxed e-con e-parent\" data-id=\"2f0fdeb\" data-element_type=\"container\" data-e-type=\"container\" data-settings=\"{&quot;background_background&quot;:&quot;classic&quot;}\">\n\t\t\t\t\t<div class=\"e-con-inner\">\n\t\t\t\t<div class=\"elementor-element elementor-element-546c3b4 elementor-widget elementor-widget-heading\" data-id=\"546c3b4\" data-element_type=\"widget\" data-e-type=\"widget\" data-widget_type=\"heading.default\">\n\t\t\t\t<div class=\"elementor-widget-container\">\n\t\t\t\t\t<h2 class=\"elementor-heading-title elementor-size-default\">Trattamenti Belmonte<\/h2>\t\t\t\t<\/div>\n\t\t\t\t<\/div>\n\t\t\t\t<div class=\"elementor-element elementor-element-86abd5f elementor-widget elementor-widget-text-editor\" data-id=\"86abd5f\" data-element_type=\"widget\" data-e-type=\"widget\" data-widget_type=\"text-editor.default\">\n\t\t\t\t<div class=\"elementor-widget-container\">\n\t\t\t\t\t\t\t\t\t<p class=\"text-base\">I trattamenti benessere, come i massaggi e i trattamenti, sono una parte importante dell&#8217;esperienza wellness e spa.<\/p>\n<p class=\"text-base\">I trattamenti possono aiutare ad alleviare le tensioni, rilassare il corpo e aumentare il benessere.<\/p>\n\t\t\t\t\t\t\t\t<\/div>\n\t\t\t\t<\/div>\n\t\t\t\t<div class=\"elementor-element elementor-element-31e071c elementor-align-left elementor-widget elementor-widget-button\" data-id=\"31e071c\" data-element_type=\"widget\" data-e-type=\"widget\" data-widget_type=\"button.default\">\n\t\t\t\t<div class=\"elementor-widget-container\">\n\t\t\t\t\t\t\t\t\t<div class=\"elementor-button-wrapper\">\n\t\t\t\t\t<a class=\"elementor-button elementor-button-link elementor-size-sm\" href=\"https:\/\/belmonte.tirol\/wp-content\/uploads\/2025\/02\/Wellness-Leistungen-A5-ITA.pdf\" target=\"_blank\">\n\t\t\t\t\t\t<span class=\"elementor-button-content-wrapper\">\n\t\t\t\t\t\t<span class=\"elementor-button-icon\">\n\t\t\t\t<svg aria-hidden=\"true\" class=\"e-font-icon-svg e-fas-chevron-down\" viewBox=\"0 0 448 512\" xmlns=\"http:\/\/www.w3.org\/2000\/svg\"><path d=\"M207.029 381.476L12.686 187.132c-9.373-9.373-9.373-24.569 0-33.941l22.667-22.667c9.357-9.357 24.522-9.375 33.901-.04L224 284.505l154.745-154.021c9.379-9.335 24.544-9.317 33.901.04l22.667 22.667c9.373 9.373 9.373 24.569 0 33.941L240.971 381.476c-9.373 9.372-24.569 9.372-33.942 0z\"><\/path><\/svg>\t\t\t<\/span>\n\t\t\t\t\t\t\t\t\t<span class=\"elementor-button-text\">Scarica i trattamenti Belmonte<\/span>\n\t\t\t\t\t<\/span>\n\t\t\t\t\t<\/a>\n\t\t\t\t<\/div>\n\t\t\t\t\t\t\t\t<\/div>\n\t\t\t\t<\/div>\n\t\t\t\t<div class=\"elementor-element elementor-element-f7012d4 elementor-widget elementor-widget-text-editor\" data-id=\"f7012d4\" data-element_type=\"widget\" data-e-type=\"widget\" data-widget_type=\"text-editor.default\">\n\t\t\t\t<div class=\"elementor-widget-container\">\n\t\t\t\t\t\t\t\t\t<p class=\"text-base\">Prenota il tuo trattamento direttamente alla nostra reception.<\/p>\n\t\t\t\t\t\t\t\t<\/div>\n\t\t\t\t<\/div>\n\t\t\t\t\t<\/div>\n\t\t\t\t<\/div>\n\t\t\t\t<\/div>\n\t\t","protected":false},"excerpt":{"rendered":"<p>Area benessere MountainSPA Una lussuosa area benessere offre un&#8217;esperienza indimenticabile per tutti i sensi. Qui potrai rilassarti in un&#8217;atmosfera rilassante e lasciarti alle spalle le preoccupazioni della vita quotidiana. Zona relax Sauna finlandese Bagno di vapore Doccia solare Doccia dell&#8217;esperienza C&#8217;\u00e8 un&#8220;angolo della vitalit\u00e0&#8221; con t\u00e8, noci, frutta e molto altro per rinfrescarsi un po&#8217;. [&hellip;]<\/p>\n","protected":false},"author":1,"featured_media":0,"parent":3557,"menu_order":0,"comment_status":"closed","ping_status":"closed","template":"elementor_header_footer","meta":{"_acf_changed":false,"footnotes":""},"class_list":["post-3556","page","type-page","status-publish","hentry","entry"],"acf":[],"yoast_head":"<!-- This site is optimized with the Yoast SEO plugin v27.2 - https:\/\/yoast.com\/product\/yoast-seo-wordpress\/ -->\n<title>MountainSPA - Belmonte Tirol - Boutique Hotel ****<\/title>\n<meta name=\"robots\" content=\"index, follow, max-snippet:-1, max-image-preview:large, max-video-preview:-1\" \/>\n<link rel=\"canonical\" href=\"https:\/\/belmonte.tirol\/it\/tavoletta\/mountainspa\/\" \/>\n<meta property=\"og:locale\" content=\"it_IT\" \/>\n<meta property=\"og:type\" content=\"article\" \/>\n<meta property=\"og:title\" content=\"MountainSPA - Belmonte Tirol - Boutique Hotel ****\" \/>\n<meta property=\"og:description\" content=\"Area benessere MountainSPA Una lussuosa area benessere offre un&#8217;esperienza indimenticabile per tutti i sensi. Qui potrai rilassarti in un&#8217;atmosfera rilassante e lasciarti alle spalle le preoccupazioni della vita quotidiana. Zona relax Sauna finlandese Bagno di vapore Doccia solare Doccia dell&#8217;esperienza C&#8217;\u00e8 un&#8220;angolo della vitalit\u00e0&#8221; con t\u00e8, noci, frutta e molto altro per rinfrescarsi un po&#8217;. [&hellip;]\" \/>\n<meta property=\"og:url\" content=\"https:\/\/belmonte.tirol\/it\/tavoletta\/mountainspa\/\" \/>\n<meta property=\"og:site_name\" content=\"Belmonte Tirol - Boutique Hotel ****\" \/>\n<meta property=\"article:publisher\" content=\"https:\/\/www.facebook.com\/belmonte.tirol\/\" \/>\n<meta property=\"article:modified_time\" content=\"2026-02-26T08:41:25+00:00\" \/>\n<meta name=\"twitter:card\" content=\"summary_large_image\" \/>\n<meta name=\"twitter:label1\" content=\"Tempo di lettura stimato\" \/>\n\t<meta name=\"twitter:data1\" content=\"1 minuto\" \/>\n<script type=\"application\/ld+json\" class=\"yoast-schema-graph\">{\"@context\":\"https:\/\/schema.org\",\"@graph\":[{\"@type\":\"WebPage\",\"@id\":\"https:\/\/belmonte.tirol\/it\/tavoletta\/mountainspa\/\",\"url\":\"https:\/\/belmonte.tirol\/it\/tavoletta\/mountainspa\/\",\"name\":\"MountainSPA - Belmonte Tirol - Boutique Hotel ****\",\"isPartOf\":{\"@id\":\"https:\/\/belmonte.tirol\/#website\"},\"datePublished\":\"2025-01-28T14:29:15+00:00\",\"dateModified\":\"2026-02-26T08:41:25+00:00\",\"breadcrumb\":{\"@id\":\"https:\/\/belmonte.tirol\/it\/tavoletta\/mountainspa\/#breadcrumb\"},\"inLanguage\":\"it-IT\",\"potentialAction\":[{\"@type\":\"ReadAction\",\"target\":[\"https:\/\/belmonte.tirol\/it\/tavoletta\/mountainspa\/\"]}]},{\"@type\":\"BreadcrumbList\",\"@id\":\"https:\/\/belmonte.tirol\/it\/tavoletta\/mountainspa\/#breadcrumb\",\"itemListElement\":[{\"@type\":\"ListItem\",\"position\":1,\"name\":\"Startseite\",\"item\":\"https:\/\/belmonte.tirol\/it\/benvenuti-a-sillian-tirolo-orientale\/\"},{\"@type\":\"ListItem\",\"position\":2,\"name\":\"Tavoletta\",\"item\":\"https:\/\/belmonte.tirol\/it\/tavoletta\/\"},{\"@type\":\"ListItem\",\"position\":3,\"name\":\"MountainSPA\"}]},{\"@type\":\"WebSite\",\"@id\":\"https:\/\/belmonte.tirol\/#website\",\"url\":\"https:\/\/belmonte.tirol\/\",\"name\":\"Belmonte Tirol - Boutique Hotel ****\",\"description\":\"Hotel in Sillian \/ Osttirol\",\"publisher\":{\"@id\":\"https:\/\/belmonte.tirol\/#organization\"},\"potentialAction\":[{\"@type\":\"SearchAction\",\"target\":{\"@type\":\"EntryPoint\",\"urlTemplate\":\"https:\/\/belmonte.tirol\/?s={search_term_string}\"},\"query-input\":{\"@type\":\"PropertyValueSpecification\",\"valueRequired\":true,\"valueName\":\"search_term_string\"}}],\"inLanguage\":\"it-IT\"},{\"@type\":\"Organization\",\"@id\":\"https:\/\/belmonte.tirol\/#organization\",\"name\":\"Belmonte Tirol - Boutique Hotel ****\",\"url\":\"https:\/\/belmonte.tirol\/\",\"logo\":{\"@type\":\"ImageObject\",\"inLanguage\":\"it-IT\",\"@id\":\"https:\/\/belmonte.tirol\/#\/schema\/logo\/image\/\",\"url\":\"https:\/\/belmonte.tirol\/wp-content\/uploads\/2025\/01\/Logo.png\",\"contentUrl\":\"https:\/\/belmonte.tirol\/wp-content\/uploads\/2025\/01\/Logo.png\",\"width\":1791,\"height\":936,\"caption\":\"Belmonte Tirol - Boutique Hotel ****\"},\"image\":{\"@id\":\"https:\/\/belmonte.tirol\/#\/schema\/logo\/image\/\"},\"sameAs\":[\"https:\/\/www.facebook.com\/belmonte.tirol\/\",\"https:\/\/www.instagram.com\/belmonte.tirol\/\"]}]}<\/script>\n<!-- \/ Yoast SEO plugin. -->","yoast_head_json":{"title":"MountainSPA - Belmonte Tirol - Boutique Hotel ****","robots":{"index":"index","follow":"follow","max-snippet":"max-snippet:-1","max-image-preview":"max-image-preview:large","max-video-preview":"max-video-preview:-1"},"canonical":"https:\/\/belmonte.tirol\/it\/tavoletta\/mountainspa\/","og_locale":"it_IT","og_type":"article","og_title":"MountainSPA - Belmonte Tirol - Boutique Hotel ****","og_description":"Area benessere MountainSPA Una lussuosa area benessere offre un&#8217;esperienza indimenticabile per tutti i sensi. Qui potrai rilassarti in un&#8217;atmosfera rilassante e lasciarti alle spalle le preoccupazioni della vita quotidiana. Zona relax Sauna finlandese Bagno di vapore Doccia solare Doccia dell&#8217;esperienza C&#8217;\u00e8 un&#8220;angolo della vitalit\u00e0&#8221; con t\u00e8, noci, frutta e molto altro per rinfrescarsi un po&#8217;. [&hellip;]","og_url":"https:\/\/belmonte.tirol\/it\/tavoletta\/mountainspa\/","og_site_name":"Belmonte Tirol - Boutique Hotel ****","article_publisher":"https:\/\/www.facebook.com\/belmonte.tirol\/","article_modified_time":"2026-02-26T08:41:25+00:00","twitter_card":"summary_large_image","twitter_misc":{"Tempo di lettura stimato":"1 minuto"},"schema":{"@context":"https:\/\/schema.org","@graph":[{"@type":"WebPage","@id":"https:\/\/belmonte.tirol\/it\/tavoletta\/mountainspa\/","url":"https:\/\/belmonte.tirol\/it\/tavoletta\/mountainspa\/","name":"MountainSPA - Belmonte Tirol - Boutique Hotel ****","isPartOf":{"@id":"https:\/\/belmonte.tirol\/#website"},"datePublished":"2025-01-28T14:29:15+00:00","dateModified":"2026-02-26T08:41:25+00:00","breadcrumb":{"@id":"https:\/\/belmonte.tirol\/it\/tavoletta\/mountainspa\/#breadcrumb"},"inLanguage":"it-IT","potentialAction":[{"@type":"ReadAction","target":["https:\/\/belmonte.tirol\/it\/tavoletta\/mountainspa\/"]}]},{"@type":"BreadcrumbList","@id":"https:\/\/belmonte.tirol\/it\/tavoletta\/mountainspa\/#breadcrumb","itemListElement":[{"@type":"ListItem","position":1,"name":"Startseite","item":"https:\/\/belmonte.tirol\/it\/benvenuti-a-sillian-tirolo-orientale\/"},{"@type":"ListItem","position":2,"name":"Tavoletta","item":"https:\/\/belmonte.tirol\/it\/tavoletta\/"},{"@type":"ListItem","position":3,"name":"MountainSPA"}]},{"@type":"WebSite","@id":"https:\/\/belmonte.tirol\/#website","url":"https:\/\/belmonte.tirol\/","name":"Belmonte Tirol - Boutique Hotel ****","description":"Hotel in Sillian \/ Osttirol","publisher":{"@id":"https:\/\/belmonte.tirol\/#organization"},"potentialAction":[{"@type":"SearchAction","target":{"@type":"EntryPoint","urlTemplate":"https:\/\/belmonte.tirol\/?s={search_term_string}"},"query-input":{"@type":"PropertyValueSpecification","valueRequired":true,"valueName":"search_term_string"}}],"inLanguage":"it-IT"},{"@type":"Organization","@id":"https:\/\/belmonte.tirol\/#organization","name":"Belmonte Tirol - Boutique Hotel ****","url":"https:\/\/belmonte.tirol\/","logo":{"@type":"ImageObject","inLanguage":"it-IT","@id":"https:\/\/belmonte.tirol\/#\/schema\/logo\/image\/","url":"https:\/\/belmonte.tirol\/wp-content\/uploads\/2025\/01\/Logo.png","contentUrl":"https:\/\/belmonte.tirol\/wp-content\/uploads\/2025\/01\/Logo.png","width":1791,"height":936,"caption":"Belmonte Tirol - Boutique Hotel ****"},"image":{"@id":"https:\/\/belmonte.tirol\/#\/schema\/logo\/image\/"},"sameAs":["https:\/\/www.facebook.com\/belmonte.tirol\/","https:\/\/www.instagram.com\/belmonte.tirol\/"]}]}},"_links":{"self":[{"href":"https:\/\/belmonte.tirol\/it\/wp-json\/wp\/v2\/pages\/3556","targetHints":{"allow":["GET"]}}],"collection":[{"href":"https:\/\/belmonte.tirol\/it\/wp-json\/wp\/v2\/pages"}],"about":[{"href":"https:\/\/belmonte.tirol\/it\/wp-json\/wp\/v2\/types\/page"}],"author":[{"embeddable":true,"href":"https:\/\/belmonte.tirol\/it\/wp-json\/wp\/v2\/users\/1"}],"replies":[{"embeddable":true,"href":"https:\/\/belmonte.tirol\/it\/wp-json\/wp\/v2\/comments?post=3556"}],"version-history":[{"count":17,"href":"https:\/\/belmonte.tirol\/it\/wp-json\/wp\/v2\/pages\/3556\/revisions"}],"predecessor-version":[{"id":7750,"href":"https:\/\/belmonte.tirol\/it\/wp-json\/wp\/v2\/pages\/3556\/revisions\/7750"}],"up":[{"embeddable":true,"href":"https:\/\/belmonte.tirol\/it\/wp-json\/wp\/v2\/pages\/3557"}],"wp:attachment":[{"href":"https:\/\/belmonte.tirol\/it\/wp-json\/wp\/v2\/media?parent=3556"}],"curies":[{"name":"wp","href":"https:\/\/api.w.org\/{rel}","templated":true}]}}